{"id":403,"date":"2019-05-15T14:15:17","date_gmt":"2019-05-15T17:15:17","guid":{"rendered":"https:\/\/lftconstrucao.com.br\/?page_id=403"},"modified":"2019-08-19T11:31:10","modified_gmt":"2019-08-19T14:31:10","slug":"empresa","status":"publish","type":"page","link":"https:\/\/www.lftconstrucao.com.br\/index.php\/empresa\/","title":{"rendered":"Empresa"},"content":{"rendered":"\t\t<div data-elementor-type=\"wp-post\" data-elementor-id=\"403\" class=\"elementor elementor-403\" data-elementor-settings=\"[]\">\n\t\t\t\t\t\t<div class=\"elementor-inner\">\n\t\t\t\t\t\t\t<div class=\"elementor-section-wrap\">\n\t\t\t\t\t\t\t<section class=\"has_eae_slider elementor-section elementor-top-section elementor-element elementor-element-2072a6c elementor-section-boxed elementor-section-height-default elementor-section-height-default\" data-id=\"2072a6c\" data-element_type=\"section\">\n\t\t\t\t\t\t<div class=\"elementor-container elementor-column-gap-default\">\n\t\t\t\t\t\t\t<div class=\"elementor-row\">\n\t\t\t\t\t<div class=\"has_eae_slider elementor-column elementor-col-100 elementor-top-column elementor-element elementor-element-563ef28\" data-id=\"563ef28\" data-element_type=\"column\">\n\t\t\t<div class=\"elementor-column-wrap elementor-element-populated\">\n\t\t\t\t\t\t\t<div class=\"elementor-widget-wrap\">\n\t\t\t\t\t\t<div class=\"elementor-element elementor-element-4a202f1 elementor-widget elementor-widget-spacer\" data-id=\"4a202f1\" data-element_type=\"widget\" data-widget_type=\"spacer.default\">\n\t\t\t\t<div class=\"elementor-widget-container\">\n\t\t\t\t\t<div class=\"elementor-spacer\">\n\t\t\t<div class=\"elementor-spacer-inner\"><\/div>\n\t\t<\/div>\n\t\t\t\t<\/div>\n\t\t\t\t<\/div>\n\t\t\t\t\t\t<\/div>\n\t\t\t\t\t<\/div>\n\t\t<\/div>\n\t\t\t\t\t\t\t\t<\/div>\n\t\t\t\t\t<\/div>\n\t\t<\/section>\n\t\t\t\t<section class=\"has_eae_slider elementor-section elementor-top-section elementor-element elementor-element-1baedf6 elementor-section-boxed elementor-section-height-default elementor-section-height-default\" data-id=\"1baedf6\" data-element_type=\"section\">\n\t\t\t\t\t\t<div class=\"elementor-container elementor-column-gap-default\">\n\t\t\t\t\t\t\t<div class=\"elementor-row\">\n\t\t\t\t\t<div class=\"has_eae_slider elementor-column elementor-col-100 elementor-top-column elementor-element elementor-element-26363f3\" data-id=\"26363f3\" data-element_type=\"column\">\n\t\t\t<div class=\"elementor-column-wrap elementor-element-populated\">\n\t\t\t\t\t\t\t<div class=\"elementor-widget-wrap\">\n\t\t\t\t\t\t<div class=\"elementor-element elementor-element-57a2dac elementor-widget elementor-widget-heading\" data-id=\"57a2dac\" data-element_type=\"widget\" data-widget_type=\"heading.default\">\n\t\t\t\t<div class=\"elementor-widget-container\">\n\t\t\t<h2 class=\"elementor-heading-title elementor-size-default\">LFT - Uma empresa que j\u00e1 nasceu grande !<\/h2>\t\t<\/div>\n\t\t\t\t<\/div>\n\t\t\t\t<section class=\"has_eae_slider elementor-section elementor-inner-section elementor-element elementor-element-388cb8d elementor-section-boxed elementor-section-height-default elementor-section-height-default\" data-id=\"388cb8d\" data-element_type=\"section\">\n\t\t\t\t\t\t<div class=\"elementor-container elementor-column-gap-default\">\n\t\t\t\t\t\t\t<div class=\"elementor-row\">\n\t\t\t\t\t<div class=\"has_eae_slider elementor-column elementor-col-50 elementor-inner-column elementor-element elementor-element-e5d4eff\" data-id=\"e5d4eff\" data-element_type=\"column\">\n\t\t\t<div class=\"elementor-column-wrap elementor-element-populated\">\n\t\t\t\t\t\t\t<div class=\"elementor-widget-wrap\">\n\t\t\t\t\t\t<div class=\"elementor-element elementor-element-755d0e1 elementor-widget elementor-widget-text-editor\" data-id=\"755d0e1\" data-element_type=\"widget\" data-widget_type=\"text-editor.default\">\n\t\t\t\t<div class=\"elementor-widget-container\">\n\t\t\t\t\t<div class=\"elementor-text-editor elementor-clearfix\"><p align=\"justify\">Graduado em Arquitetura e Urbanismo em 1989, pela Universidade Santa \u00darsula, e nesses mais de trinta anos de carreira, o respons\u00e1vel t\u00e9cnico e administrativo da LFT, executou centenas de obras de forma direta, tendo em seu acervo t\u00e9cnico, obras muito importantes como: Constru\u00e7\u00e3o do Centro Comercial Via Rio Pavuna (33.000m2); Amplia\u00e7\u00e3o do Carioca Shopping (4.000m2); Amplia\u00e7\u00e3o do CD da Casa e V\u00eddeo em Guadalupe, Lojas Hortifruti de Vila Velha, Botafogo, Santa Rosa \u2013 Niter\u00f3i, Blue Square; Lojas Leader de Vit\u00f3ria, Recife, Macei\u00f3, Aracaju, Natal, Catete, Shopping Campo Grande; Lojas Renner da Av. Paulista, Shopping Raposo, Campo Grande, Rio Sul, Sulacap; COI (Cl\u00ednicas Oncol\u00f3gica Integrada) Barra MDX, Shopping Rio Sul.<\/p><p align=\"justify\">Al\u00e9m desses clientes, ainda atendeu as redes Casa Bahia, Ponto Frio, Casa e V\u00eddeo, Fast Shopping, Pop Shopping, Kalunga, entre outros.<\/p><p align=\"justify\"><a name=\"_GoBack\"><\/a> A LFT Constru\u00e7\u00e3o e Incorpora\u00e7\u00e3o, quer trazer toda essa expertise em obras comerciais e industriais para o mercado imobili\u00e1rio com incorpora\u00e7\u00f5es pr\u00f3prias e de empreendedores, auxiliando no desenvolvimento, otimiza\u00e7\u00e3o, gerenciamento e execu\u00e7\u00e3o desses projetos.<\/p><\/div>\n\t\t\t\t<\/div>\n\t\t\t\t<\/div>\n\t\t\t\t\t\t<\/div>\n\t\t\t\t\t<\/div>\n\t\t<\/div>\n\t\t\t\t<div class=\"has_eae_slider elementor-column elementor-col-50 elementor-inner-column elementor-element elementor-element-2b6d6be\" data-id=\"2b6d6be\" data-element_type=\"column\">\n\t\t\t<div class=\"elementor-column-wrap elementor-element-populated\">\n\t\t\t\t\t\t\t<div class=\"elementor-widget-wrap\">\n\t\t\t\t\t\t<div class=\"elementor-element elementor-element-91e121c elementor-arrows-position-inside elementor-widget elementor-widget-image-carousel\" data-id=\"91e121c\" data-element_type=\"widget\" data-settings=\"{&quot;slides_to_show&quot;:&quot;1&quot;,&quot;navigation&quot;:&quot;arrows&quot;,&quot;autoplay&quot;:&quot;yes&quot;,&quot;pause_on_hover&quot;:&quot;yes&quot;,&quot;pause_on_interaction&quot;:&quot;yes&quot;,&quot;autoplay_speed&quot;:5000,&quot;infinite&quot;:&quot;yes&quot;,&quot;effect&quot;:&quot;slide&quot;,&quot;speed&quot;:500}\" data-widget_type=\"image-carousel.default\">\n\t\t\t\t<div class=\"elementor-widget-container\">\n\t\t\t\t\t<div class=\"elementor-image-carousel-wrapper swiper-container\" dir=\"ltr\">\n\t\t\t<div class=\"elementor-image-carousel swiper-wrapper\">\n\t\t\t\t<div class=\"swiper-slide\"><figure class=\"swiper-slide-inner\"><img class=\"swiper-slide-image\" src=\"https:\/\/www.lftconstrucao.com.br\/wp-content\/uploads\/2019\/05\/232.jpg\" alt=\"232\" \/><\/figure><\/div><div class=\"swiper-slide\"><figure class=\"swiper-slide-inner\"><img class=\"swiper-slide-image\" src=\"https:\/\/www.lftconstrucao.com.br\/wp-content\/uploads\/2019\/05\/231.jpg\" alt=\"231\" \/><\/figure><\/div><div class=\"swiper-slide\"><figure class=\"swiper-slide-inner\"><img class=\"swiper-slide-image\" src=\"https:\/\/www.lftconstrucao.com.br\/wp-content\/uploads\/2019\/05\/208.jpg\" alt=\"208\" \/><\/figure><\/div><div class=\"swiper-slide\"><figure class=\"swiper-slide-inner\"><img class=\"swiper-slide-image\" src=\"https:\/\/www.lftconstrucao.com.br\/wp-content\/uploads\/2019\/05\/203.jpg\" alt=\"203\" \/><\/figure><\/div><div class=\"swiper-slide\"><figure class=\"swiper-slide-inner\"><img class=\"swiper-slide-image\" src=\"https:\/\/www.lftconstrucao.com.br\/wp-content\/uploads\/2019\/05\/190.jpg\" alt=\"190\" \/><\/figure><\/div><div class=\"swiper-slide\"><figure class=\"swiper-slide-inner\"><img class=\"swiper-slide-image\" src=\"https:\/\/www.lftconstrucao.com.br\/wp-content\/uploads\/2019\/05\/185.jpg\" alt=\"185\" \/><\/figure><\/div><div class=\"swiper-slide\"><figure class=\"swiper-slide-inner\"><img class=\"swiper-slide-image\" src=\"https:\/\/www.lftconstrucao.com.br\/wp-content\/uploads\/2019\/05\/171.jpg\" alt=\"171\" \/><\/figure><\/div><div class=\"swiper-slide\"><figure class=\"swiper-slide-inner\"><img class=\"swiper-slide-image\" src=\"https:\/\/www.lftconstrucao.com.br\/wp-content\/uploads\/2019\/05\/166.jpg\" alt=\"166\" \/><\/figure><\/div><div class=\"swiper-slide\"><figure class=\"swiper-slide-inner\"><img class=\"swiper-slide-image\" src=\"https:\/\/www.lftconstrucao.com.br\/wp-content\/uploads\/2019\/05\/161.jpg\" alt=\"161\" \/><\/figure><\/div><div class=\"swiper-slide\"><figure class=\"swiper-slide-inner\"><img class=\"swiper-slide-image\" src=\"https:\/\/www.lftconstrucao.com.br\/wp-content\/uploads\/2019\/05\/159.jpg\" alt=\"159\" \/><\/figure><\/div><div class=\"swiper-slide\"><figure class=\"swiper-slide-inner\"><img class=\"swiper-slide-image\" src=\"https:\/\/www.lftconstrucao.com.br\/wp-content\/uploads\/2019\/05\/147.jpg\" alt=\"147\" \/><\/figure><\/div><div class=\"swiper-slide\"><figure class=\"swiper-slide-inner\"><img class=\"swiper-slide-image\" src=\"https:\/\/www.lftconstrucao.com.br\/wp-content\/uploads\/2019\/05\/143.jpg\" alt=\"143\" \/><\/figure><\/div><div class=\"swiper-slide\"><figure class=\"swiper-slide-inner\"><img class=\"swiper-slide-image\" src=\"https:\/\/www.lftconstrucao.com.br\/wp-content\/uploads\/2019\/05\/136.jpg\" alt=\"136\" \/><\/figure><\/div><div class=\"swiper-slide\"><figure class=\"swiper-slide-inner\"><img class=\"swiper-slide-image\" src=\"https:\/\/www.lftconstrucao.com.br\/wp-content\/uploads\/2019\/05\/131.jpg\" alt=\"131\" \/><\/figure><\/div><div class=\"swiper-slide\"><figure class=\"swiper-slide-inner\"><img class=\"swiper-slide-image\" src=\"https:\/\/www.lftconstrucao.com.br\/wp-content\/uploads\/2019\/05\/126.jpg\" alt=\"126\" \/><\/figure><\/div><div class=\"swiper-slide\"><figure class=\"swiper-slide-inner\"><img class=\"swiper-slide-image\" src=\"https:\/\/www.lftconstrucao.com.br\/wp-content\/uploads\/2019\/05\/118.jpg\" alt=\"118\" \/><\/figure><\/div><div class=\"swiper-slide\"><figure class=\"swiper-slide-inner\"><img class=\"swiper-slide-image\" src=\"https:\/\/www.lftconstrucao.com.br\/wp-content\/uploads\/2019\/05\/117.jpg\" alt=\"117\" \/><\/figure><\/div><div class=\"swiper-slide\"><figure class=\"swiper-slide-inner\"><img class=\"swiper-slide-image\" src=\"https:\/\/www.lftconstrucao.com.br\/wp-content\/uploads\/2019\/05\/121.jpg\" alt=\"121\" \/><\/figure><\/div><div class=\"swiper-slide\"><figure class=\"swiper-slide-inner\"><img class=\"swiper-slide-image\" src=\"https:\/\/www.lftconstrucao.com.br\/wp-content\/uploads\/2019\/05\/110-1.jpg\" alt=\"110\" \/><\/figure><\/div><div class=\"swiper-slide\"><figure class=\"swiper-slide-inner\"><img class=\"swiper-slide-image\" src=\"https:\/\/www.lftconstrucao.com.br\/wp-content\/uploads\/2019\/05\/96.jpg\" alt=\"96\" \/><\/figure><\/div><div class=\"swiper-slide\"><figure class=\"swiper-slide-inner\"><img class=\"swiper-slide-image\" src=\"https:\/\/www.lftconstrucao.com.br\/wp-content\/uploads\/2019\/05\/80.jpg\" alt=\"80\" \/><\/figure><\/div><div class=\"swiper-slide\"><figure class=\"swiper-slide-inner\"><img class=\"swiper-slide-image\" src=\"https:\/\/www.lftconstrucao.com.br\/wp-content\/uploads\/2019\/08\/sl16.jpg\" alt=\"LFT Constru\u00e7\u00e3o e Incorpora\u00e7\u00e3o\" \/><\/figure><\/div><div class=\"swiper-slide\"><figure class=\"swiper-slide-inner\"><img class=\"swiper-slide-image\" src=\"https:\/\/www.lftconstrucao.com.br\/wp-content\/uploads\/2019\/08\/sl8.jpg\" alt=\"LFT Constru\u00e7\u00e3o e Incorpora\u00e7\u00e3o\" \/><\/figure><\/div><div class=\"swiper-slide\"><figure class=\"swiper-slide-inner\"><img class=\"swiper-slide-image\" src=\"https:\/\/www.lftconstrucao.com.br\/wp-content\/uploads\/2019\/08\/sl5.jpg\" alt=\"LFT Constru\u00e7\u00e3o e Incorpora\u00e7\u00e3o\" \/><\/figure><\/div>\t\t\t<\/div>\n\t\t\t\t\t\t\t\t\t\t\t\t\t\t\t\t<div class=\"elementor-swiper-button elementor-swiper-button-prev\">\n\t\t\t\t\t\t<i class=\"eicon-chevron-left\" aria-hidden=\"true\"><\/i>\n\t\t\t\t\t\t<span class=\"elementor-screen-only\">Anterior<\/span>\n\t\t\t\t\t<\/div>\n\t\t\t\t\t<div class=\"elementor-swiper-button elementor-swiper-button-next\">\n\t\t\t\t\t\t<i class=\"eicon-chevron-right\" aria-hidden=\"true\"><\/i>\n\t\t\t\t\t\t<span class=\"elementor-screen-only\">Pr\u00f3ximo<\/span>\n\t\t\t\t\t<\/div>\n\t\t\t\t\t\t\t\t\t<\/div>\n\t\t\t\t<\/div>\n\t\t\t\t<\/div>\n\t\t\t\t<div class=\"elementor-element elementor-element-50cd10a elementor-arrows-position-inside elementor-pagination-position-outside elementor-widget elementor-widget-image-carousel\" data-id=\"50cd10a\" data-element_type=\"widget\" data-settings=\"{&quot;slides_to_show&quot;:&quot;3&quot;,&quot;slides_to_scroll&quot;:&quot;1&quot;,&quot;autoplay_speed&quot;:1500,&quot;navigation&quot;:&quot;both&quot;,&quot;autoplay&quot;:&quot;yes&quot;,&quot;pause_on_hover&quot;:&quot;yes&quot;,&quot;pause_on_interaction&quot;:&quot;yes&quot;,&quot;infinite&quot;:&quot;yes&quot;,&quot;speed&quot;:500}\" data-widget_type=\"image-carousel.default\">\n\t\t\t\t<div class=\"elementor-widget-container\">\n\t\t\t\t\t<div class=\"elementor-image-carousel-wrapper swiper-container\" dir=\"ltr\">\n\t\t\t<div class=\"elementor-image-carousel swiper-wrapper\">\n\t\t\t\t<div class=\"swiper-slide\"><figure class=\"swiper-slide-inner\"><img class=\"swiper-slide-image\" src=\"https:\/\/www.lftconstrucao.com.br\/wp-content\/uploads\/2019\/08\/cariocashooping-150x150.jpg\" alt=\"cariocashooping\" \/><\/figure><\/div><div class=\"swiper-slide\"><figure class=\"swiper-slide-inner\"><img class=\"swiper-slide-image\" src=\"https:\/\/www.lftconstrucao.com.br\/wp-content\/uploads\/2019\/08\/casaevideo-150x150.jpg\" alt=\"casaevideo\" \/><\/figure><\/div><div class=\"swiper-slide\"><figure class=\"swiper-slide-inner\"><img class=\"swiper-slide-image\" src=\"https:\/\/www.lftconstrucao.com.br\/wp-content\/uploads\/2019\/08\/casasbay-150x150.jpg\" alt=\"casasbay\" \/><\/figure><\/div><div class=\"swiper-slide\"><figure class=\"swiper-slide-inner\"><img class=\"swiper-slide-image\" src=\"https:\/\/www.lftconstrucao.com.br\/wp-content\/uploads\/2019\/08\/coi-150x150.jpg\" alt=\"coi\" \/><\/figure><\/div><div class=\"swiper-slide\"><figure class=\"swiper-slide-inner\"><img class=\"swiper-slide-image\" src=\"https:\/\/www.lftconstrucao.com.br\/wp-content\/uploads\/2019\/08\/fastshop-150x150.jpg\" alt=\"fastshop\" \/><\/figure><\/div><div class=\"swiper-slide\"><figure class=\"swiper-slide-inner\"><img class=\"swiper-slide-image\" src=\"https:\/\/www.lftconstrucao.com.br\/wp-content\/uploads\/2019\/08\/hortifruti-150x150.jpg\" alt=\"hortifruti\" \/><\/figure><\/div><div class=\"swiper-slide\"><figure class=\"swiper-slide-inner\"><img class=\"swiper-slide-image\" src=\"https:\/\/www.lftconstrucao.com.br\/wp-content\/uploads\/2019\/08\/kalunga-150x150.jpg\" alt=\"kalunga\" \/><\/figure><\/div><div class=\"swiper-slide\"><figure class=\"swiper-slide-inner\"><img class=\"swiper-slide-image\" src=\"https:\/\/www.lftconstrucao.com.br\/wp-content\/uploads\/2019\/08\/leader-150x150.jpg\" alt=\"leader\" \/><\/figure><\/div><div class=\"swiper-slide\"><figure class=\"swiper-slide-inner\"><img class=\"swiper-slide-image\" src=\"https:\/\/www.lftconstrucao.com.br\/wp-content\/uploads\/2019\/08\/pontofrio-150x150.jpg\" alt=\"pontofrio\" \/><\/figure><\/div>\t\t\t<\/div>\n\t\t\t\t\t\t\t\t\t\t\t\t<div class=\"swiper-pagination\"><\/div>\n\t\t\t\t\t\t\t\t\t\t\t\t\t<div class=\"elementor-swiper-button elementor-swiper-button-prev\">\n\t\t\t\t\t\t<i class=\"eicon-chevron-left\" aria-hidden=\"true\"><\/i>\n\t\t\t\t\t\t<span class=\"elementor-screen-only\">Anterior<\/span>\n\t\t\t\t\t<\/div>\n\t\t\t\t\t<div class=\"elementor-swiper-button elementor-swiper-button-next\">\n\t\t\t\t\t\t<i class=\"eicon-chevron-right\" aria-hidden=\"true\"><\/i>\n\t\t\t\t\t\t<span class=\"elementor-screen-only\">Pr\u00f3ximo<\/span>\n\t\t\t\t\t<\/div>\n\t\t\t\t\t\t\t\t\t<\/div>\n\t\t\t\t<\/div>\n\t\t\t\t<\/div>\n\t\t\t\t\t\t<\/div>\n\t\t\t\t\t<\/div>\n\t\t<\/div>\n\t\t\t\t\t\t\t\t<\/div>\n\t\t\t\t\t<\/div>\n\t\t<\/section>\n\t\t\t\t<div class=\"elementor-element elementor-element-7f7f985 elementor-widget elementor-widget-spacer\" data-id=\"7f7f985\" data-element_type=\"widget\" data-widget_type=\"spacer.default\">\n\t\t\t\t<div class=\"elementor-widget-container\">\n\t\t\t\t\t<div class=\"elementor-spacer\">\n\t\t\t<div class=\"elementor-spacer-inner\"><\/div>\n\t\t<\/div>\n\t\t\t\t<\/div>\n\t\t\t\t<\/div>\n\t\t\t\t\t\t<\/div>\n\t\t\t\t\t<\/div>\n\t\t<\/div>\n\t\t\t\t\t\t\t\t<\/div>\n\t\t\t\t\t<\/div>\n\t\t<\/section>\n\t\t\t\t\t\t<\/div>\n\t\t\t\t\t\t<\/div>\n\t\t\t\t\t<\/div>\n\t\t","protected":false},"excerpt":{"rendered":"<p>LFT &#8211; Uma empresa que j\u00e1 nasceu grande ! Graduado em Arquitetura e Urbanismo em 1989, pela Universidade Santa \u00darsula, e nesses mais de trinta anos de carreira, o respons\u00e1vel t\u00e9cnico e administrativo da LFT, executou centenas de obras de forma direta, tendo em seu acervo t\u00e9cnico, obras muito importantes como: Constru\u00e7\u00e3o do Centro Comercial &hellip;<\/p>\n<p class=\"read-more\"> <a class=\"\" href=\"https:\/\/www.lftconstrucao.com.br\/index.php\/empresa\/\"> <span class=\"screen-reader-text\">Empresa<\/span> Leia mais &raquo;<\/a><\/p>\n","protected":false},"author":1,"featured_media":0,"parent":0,"menu_order":0,"comment_status":"closed","ping_status":"closed","template":"","meta":[],"yoast_head":"<!-- This site is optimized with the Yoast SEO plugin v15.0 - https:\/\/yoast.com\/wordpress\/plugins\/seo\/ -->\n<title>Empresa - LFT<\/title>\n<meta name=\"robots\" content=\"index, follow, max-snippet:-1, max-image-preview:large, max-video-preview:-1\" \/>\n<link rel=\"canonical\" href=\"https:\/\/www.lftconstrucao.com.br\/index.php\/empresa\/\" \/>\n<meta property=\"og:locale\" content=\"pt_BR\" \/>\n<meta property=\"og:type\" content=\"article\" \/>\n<meta property=\"og:title\" content=\"Empresa - LFT\" \/>\n<meta property=\"og:description\" content=\"LFT &#8211; Uma empresa que j\u00e1 nasceu grande ! Graduado em Arquitetura e Urbanismo em 1989, pela Universidade Santa \u00darsula, e nesses mais de trinta anos de carreira, o respons\u00e1vel t\u00e9cnico e administrativo da LFT, executou centenas de obras de forma direta, tendo em seu acervo t\u00e9cnico, obras muito importantes como: Constru\u00e7\u00e3o do Centro Comercial &hellip; Empresa Leia mais &raquo;\" \/>\n<meta property=\"og:url\" content=\"https:\/\/www.lftconstrucao.com.br\/index.php\/empresa\/\" \/>\n<meta property=\"og:site_name\" content=\"LFT\" \/>\n<meta property=\"article:modified_time\" content=\"2019-08-19T14:31:10+00:00\" \/>\n<meta property=\"og:image\" content=\"https:\/\/www.lftconstrucao.com.br\/wp-content\/uploads\/2019\/05\/232.jpg\" \/>\n<meta name=\"twitter:card\" content=\"summary_large_image\" \/>\n<script type=\"application\/ld+json\" class=\"yoast-schema-graph\">{\"@context\":\"https:\/\/schema.org\",\"@graph\":[{\"@type\":\"WebSite\",\"@id\":\"https:\/\/www.lftconstrucao.com.br\/#website\",\"url\":\"https:\/\/www.lftconstrucao.com.br\/\",\"name\":\"LFT\",\"description\":\"Constru\\u00e7\\u00e3o e Incorpora\\u00e7\\u00e3o\",\"potentialAction\":[{\"@type\":\"SearchAction\",\"target\":\"https:\/\/www.lftconstrucao.com.br\/?s={search_term_string}\",\"query-input\":\"required name=search_term_string\"}],\"inLanguage\":\"pt-BR\"},{\"@type\":\"ImageObject\",\"@id\":\"https:\/\/www.lftconstrucao.com.br\/index.php\/empresa\/#primaryimage\",\"inLanguage\":\"pt-BR\",\"url\":\"https:\/\/www.lftconstrucao.com.br\/wp-content\/uploads\/2019\/05\/232.jpg\",\"width\":533,\"height\":400},{\"@type\":\"WebPage\",\"@id\":\"https:\/\/www.lftconstrucao.com.br\/index.php\/empresa\/#webpage\",\"url\":\"https:\/\/www.lftconstrucao.com.br\/index.php\/empresa\/\",\"name\":\"Empresa - LFT\",\"isPartOf\":{\"@id\":\"https:\/\/www.lftconstrucao.com.br\/#website\"},\"primaryImageOfPage\":{\"@id\":\"https:\/\/www.lftconstrucao.com.br\/index.php\/empresa\/#primaryimage\"},\"datePublished\":\"2019-05-15T17:15:17+00:00\",\"dateModified\":\"2019-08-19T14:31:10+00:00\",\"inLanguage\":\"pt-BR\",\"potentialAction\":[{\"@type\":\"ReadAction\",\"target\":[\"https:\/\/www.lftconstrucao.com.br\/index.php\/empresa\/\"]}]}]}<\/script>\n<!-- \/ Yoast SEO plugin. -->","_links":{"self":[{"href":"https:\/\/www.lftconstrucao.com.br\/index.php\/wp-json\/wp\/v2\/pages\/403"}],"collection":[{"href":"https:\/\/www.lftconstrucao.com.br\/index.php\/wp-json\/wp\/v2\/pages"}],"about":[{"href":"https:\/\/www.lftconstrucao.com.br\/index.php\/wp-json\/wp\/v2\/types\/page"}],"author":[{"embeddable":true,"href":"https:\/\/www.lftconstrucao.com.br\/index.php\/wp-json\/wp\/v2\/users\/1"}],"replies":[{"embeddable":true,"href":"https:\/\/www.lftconstrucao.com.br\/index.php\/wp-json\/wp\/v2\/comments?post=403"}],"version-history":[{"count":12,"href":"https:\/\/www.lftconstrucao.com.br\/index.php\/wp-json\/wp\/v2\/pages\/403\/revisions"}],"predecessor-version":[{"id":666,"href":"https:\/\/www.lftconstrucao.com.br\/index.php\/wp-json\/wp\/v2\/pages\/403\/revisions\/666"}],"wp:attachment":[{"href":"https:\/\/www.lftconstrucao.com.br\/index.php\/wp-json\/wp\/v2\/media?parent=403"}],"curies":[{"name":"wp","href":"https:\/\/api.w.org\/{rel}","templated":true}]}}